{"id":2,"date":"2018-12-05T19:27:23","date_gmt":"2018-12-05T19:27:23","guid":{"rendered":"http:\/\/www.sniegaparks.lv\/?page_id=2"},"modified":"2026-01-17T11:48:04","modified_gmt":"2026-01-17T11:48:04","slug":"par-mums","status":"publish","type":"page","link":"https:\/\/www.sniegaparks.lv\/?page_id=2","title":{"rendered":"Par mums"},"content":{"rendered":"\t\t<div data-elementor-type=\"wp-page\" data-elementor-id=\"2\" class=\"elementor elementor-2\">\n\t\t\t\t\t\t\t\t\t<section class=\"elementor-section elementor-top-section elementor-element elementor-element-7617ce11 elementor-section-boxed elementor-section-height-default elementor-section-height-default\" data-id=\"7617ce11\" data-element_type=\"section\">\n\t\t\t\t\t\t<div class=\"elementor-container elementor-column-gap-default\">\n\t\t\t\t\t<div class=\"elementor-column elementor-col-100 elementor-top-column elementor-element elementor-element-6a3642a0\" data-id=\"6a3642a0\" data-element_type=\"column\">\n\t\t\t<div class=\"elementor-widget-wrap elementor-element-populated\">\n\t\t\t\t\t\t\t\t<div class=\"elementor-element elementor-element-f5426cf elementor-widget elementor-widget-text-editor\" data-id=\"f5426cf\" data-element_type=\"widget\" data-widget_type=\"text-editor.default\">\n\t\t\t\t<div class=\"elementor-widget-container\">\n\t\t\t<style>\/*! elementor - v3.18.0 - 20-12-2023 *\/\n.elementor-widget-text-editor.elementor-drop-cap-view-stacked .elementor-drop-cap{background-color:#69727d;color:#fff}.elementor-widget-text-editor.elementor-drop-cap-view-framed .elementor-drop-cap{color:#69727d;border:3px solid;background-color:transparent}.elementor-widget-text-editor:not(.elementor-drop-cap-view-default) .elementor-drop-cap{margin-top:8px}.elementor-widget-text-editor:not(.elementor-drop-cap-view-default) .elementor-drop-cap-letter{width:1em;height:1em}.elementor-widget-text-editor .elementor-drop-cap{float:left;text-align:center;line-height:1;font-size:50px}.elementor-widget-text-editor .elementor-drop-cap-letter{display:inline-block}<\/style>\t\t\t\tUz nog\u0101zes ar sniega lielgabaliem ir uz\u0161auta ~ 1 m bieza sniega k\u0101rta un uzst\u0101d\u012bti divi virves tipa pac\u0113l\u0101ji.\nNog\u0101z\u0113 \u00a0ir ier\u012bkota kamer\u0161\u013c\u016bk\u0161anas zona.\n\n<strong>Sniega parkam ir invent\u0101ra nomas punkts, kur var iznom\u0101t:<\/strong>\nKamer\u0161\u013c\u016bk\u0161anas r\u012bkus\nSniega parks ir ide\u0101li piem\u0113rots skolnieku grupu apmekl\u0113jumiem darba dien\u0101s.\n<p align=\"center\"><strong>ATP\u016aTAS KOMPLEKSA \u201eSNIEGA PARKS\u201d NOTEIKUMI<\/strong><\/p>\nSIA \u201cC\u012bru\u013ckalns \u2013 atp\u016btas b\u0101ze\u201d, re\u0123. nr. 44103024323, piedero\u0161ais atp\u016btas komplekss \u201eSniega parks\u201d R\u012bg\u0101, Ostas prospekt\u0101 11, ir daudzfunkcion\u0101ls ziemas atp\u016btas komplekss, kas saist\u012bts ar personu fizisku slodzi un aktivit\u0101ti. Apmekl\u0113t\u0101jam ir j\u0101nov\u0113rt\u0113 savas vesel\u012bbas st\u0101voklis un sp\u0113jas pirms atp\u016btas kompleksa \u201eSniega parka\u201d atrakciju izmanto\u0161anas.\n\nMe\u017eaparka atp\u016btas kompleksa \u201eSniega parks\u201d noteikumi j\u0101iev\u0113ro visiem apmekl\u0113t\u0101jiem neatkar\u012bgi no vecuma. Ar tiem ikviens var iepaz\u012bties pie informat\u012bvajiem plak\u0101tiem (dzeltens fons ar meln\u0101m mal\u0101m), kas izvietoti kompleksa teritorij\u0101, invent\u0101ra nom\u0101 pie ieejas un public\u0113ti m\u0101jas lap\u0101 internet\u0101 www.sniegaparks.lv. Noteikumi pieejami tr\u012bs valod\u0101s \u2013 latviski, angliski un krieviski. \u201eSniega parks\u201d nav atbild\u012bgs, ja \u0161o noteikumu neiev\u0113ro\u0161anas d\u0113\u013c apmekl\u0113t\u0101js nodara kait\u0113jumu savai vai citu vesel\u012bbai, apdraud cilv\u0113ka dz\u012bv\u012bbu, cie\u0161 zaud\u0113jumus vai nodara tos tre\u0161ajai personai.\n\n\u012apa\u0161i apm\u0101c\u012bti de\u017euranti uzrauga apmekl\u0113t\u0101ja aktivit\u0101tes kompleks\u0101 \u201eSniega parks\u201d. Konkr\u0113to atrakciju noteikumi, nor\u0101d\u012bjumi un instrukcijas sniega \u00a0parka teritorij\u0101 ir ar augst\u0101ku juridisku sp\u0113ku par \u0161iem noteikumiem, un apmekl\u0113t\u0101js ap\u0146emas tos iev\u0113rot.\n\n<strong>I.VISP\u0100R\u0112JIE NOTEIKUMI.<\/strong>\n<ol>\n \t<li>Atra\u0161an\u0101s atp\u016btas kompleksa teritorij\u0101 apliecina to, ka apmekl\u0113t\u0101js ir iepazinies ar Me\u017eaparka atp\u016btas kompleksa \u201eSniega parks\u201d noteikumiem un ap\u0146emas tos iev\u0113rot.<\/li>\n \t<li>B\u0113rni l\u012bdz 14 gadu vecumam kompleksu dr\u012bkst apmekl\u0113t tikai kop\u0101 ar vec\u0101kiem vai pieaugu\u0161u personu vi\u0146u stingr\u0101 uzraudz\u012bb\u0101. Pieaugu\u0161ajam j\u0101b\u016bt vismaz 18 gadus vecam un j\u0101uz\u0146emas atbild\u012bba par vi\u0146am uztic\u0113to b\u0113rnu uzved\u012bbu, k\u0101 ar\u012b \u0161o noteikumu iev\u0113ro\u0161anu.<\/li>\n \t<li>Grupu vad\u012bt\u0101js vai korporat\u012bv\u0101 pas\u0101kumu atbild\u012bg\u0101 persona p\u0113c piepras\u012bjuma sa\u0146em instrukt\u0101\u017eu par apmekl\u0113t\u0101ja noteikumiem no \u201eSniega parka\u201d administr\u0101cijas. Grupu vad\u012bt\u0101js vai korporat\u012bv\u0101 pas\u0101kuma atbild\u012bg\u0101 persona uz\u0146emas atbild\u012bbu par visiem grupas dal\u012bbniekiem\/korporat\u012bv\u0101 pas\u0101kuma apmekl\u0113t\u0101jiem saska\u0146\u0101 ar \u0161iem noteikumiem.<\/li>\n \t<li>Me\u017eaparka atp\u016btas kompleksa \u201eSniega parks\u201d noslogot\u012bbas d\u0113\u013c Sniega parka administr\u0101cija ir ties\u012bga p\u0101rtraukt apmekl\u0113t\u0101ju ielai\u0161anu uz laiku, kam\u0113r atbr\u012bvojas br\u012bv\u0101s vietas.<\/li>\n \t<li>Apmekl\u0113t\u0101ji netiek ielaisti atp\u016btas kompleks\u0101 60 min\u016btes pirms t\u0101 sl\u0113g\u0161anas.<\/li>\n \t<li>\u00a0\u201eSniega parka\u201d administr\u0101cija var main\u012bt atrakciju pied\u0101v\u0101jumu jebkur\u0101 br\u012bd\u012b bez iepriek\u0161\u0113ja br\u012bdin\u0101juma. Ieejas maksas atlaides \u0161\u0101dos gad\u012bjumos netiek piem\u0113rotas. Aktu\u0101l\u0101k\u0101 inform\u0101cija par izmantojam\u0101m atrakcij\u0101m kompleks\u0101 pieejama bi\u013ce\u0161u kas\u0113 un invent\u0101ra nomas punkt\u0101.<\/li>\n<\/ol>\n<strong>II. ATP\u016aTAS KOMPLEKSA \u201eSniega Parks\u201d APMEKL\u0112JUMA IEROBE\u017dOJUMI.<\/strong>\n<ol>\n \t<li>Me\u017eaparka atp\u016btas kompleksa \u201eSniega parks\u201d apmekl\u0113jums var tikt liegts personai, kura var apdraud\u0113t k\u0101rt\u012bbu un dro\u0161\u012bbu vai kuras uzved\u012bba ir pretrun\u0101 ar sabiedr\u012bb\u0101 visp\u0101rpie\u0146emt\u0101m uzved\u012bbas norm\u0101m.<\/li>\n \t<li>Apmekl\u0113t\u0101js, kur\u0161 neiev\u0113ro \u0161os noteikumus, atp\u016btas kompleks\u0101 izvietot\u0101s br\u012bdin\u0101jumu z\u012bmes, uzrakstus, de\u017eurantu aizr\u0101d\u012bjumus, var tikt izraid\u012bts no kompleksa teritorijas, nekompens\u0113jot samaks\u0101to naudu par invent\u0101ra nomu vai ieejas bi\u013ceti.<\/li>\n \t<li>Me\u017eaparka atp\u016btas kompleks\u0101 \u201cSniega Parks\u201d su\u0146us vad\u0101t tikai pavad\u0101 un ar uzpurni, iz\u0146emot dekorat\u012bvos su\u0146us un su\u0146us, kas speci\u0101li apm\u0101c\u012bti inval\u012bdu apkalpo\u0161anai.<\/li>\n \t<li>Stingri aizliegts apmekl\u0113t Me\u017eaparka atp\u016btas kompleksu \u201eSniega Parks\u201d:<\/li>\n<\/ol>\n<ul>\n \t<li>person\u0101m ar drudzi, cit\u0101m lip\u012bg\u0101m slim\u012bb\u0101m, va\u013c\u0113j\u0101m br\u016bc\u0113m, vai cit\u0101m saslim\u0161an\u0101m, kas apdraud vai var apdraud\u0113t citu apmekl\u0113t\u0101ju dz\u012bv\u012bbu un vesel\u012bbu;<\/li>\n \t<li>person\u0101m ar sliktu vesel\u012bbas st\u0101vokli (sirds asinsvadu slim\u012bbas, iesnas, galvas traumas, u.c.);<\/li>\n \t<li>person\u0101m alkohola, narkotisko vai citu apreibino\u0161o vielu iespaid\u0101;<\/li>\n<\/ul>\n<strong>III. ATP\u016aTAS KOMPLEKS\u0100 \u201eSniega Parks\u201d TERITORIJ\u0100 AIZLIEGTS:<\/strong>\n<ol>\n \t<li>sm\u0113\u0137\u0113t vis\u0101 atp\u016btas kompleksa teritorij\u0101 (iz\u0146emot tam speci\u0101li paredz\u0113tas vietas);<\/li>\n \t<li>kliegt, svilpt un nevajadz\u012bgi saukt p\u0113c pal\u012bdz\u012bbas, lai nemaldin\u0101tu de\u017eurantus, gr\u016bst citu apmekl\u0113t\u0101ju;<\/li>\n \t<li>izmantot atp\u016btas kompleksu neatbilsto\u0161\u0101 ap\u0123\u0113rb\u0101;<\/li>\n \t<li>k\u0101rtot dabisk\u0101s vajadz\u012bbas \u0101rpus tualet\u0113m;<\/li>\n \t<li>\u201eSniega Parks\u201d apkalpojo\u0161ajam person\u0101lam ir ties\u012bbas piepras\u012bt veikt alkohola testu un iereibu\u0161o apmekl\u0113t\u0101ju (pie\u013caujam\u0101 norma 0,5 promiles) izraid\u012bt no Me\u017eaparka atp\u016btas kompleksa \u201eSniega Parks\u201d, nekompens\u0113jot ieejas maksu,<\/li>\n \t<li>atst\u0101t b\u0113rnus l\u012bdz 14 gadu vecumam bez pieaugu\u0161o uzraudz\u012bbas;<\/li>\n \t<li>izmantot atrakcijas, kas sl\u0113gtas apmekl\u0113t\u0101jiem;<\/li>\n<\/ol>\n<p align=\"center\"><strong>ATCERIES \u2013 TU PATS ESI ATBILD\u012aGS PAR SAVU DRO\u0160\u012aBU ZIEMAS ATP\u016aTAS KOMPLEKS\u0100 \u201eSniega Parks\u201d!<\/strong><\/p>\t\t\t\t\t\t<\/div>\n\t\t\t\t<\/div>\n\t\t\t\t\t<\/div>\n\t\t<\/div>\n\t\t\t\t\t\t\t<\/div>\n\t\t<\/section>\n\t\t\t\t\t\t\t<\/div>\n\t\t","protected":false},"excerpt":{"rendered":"<p>Uz nog\u0101zes ar sniega lielgabaliem ir uz\u0161auta ~ 1 m bieza sniega k\u0101rta un uzst\u0101d\u012bti divi virves tipa pac\u0113l\u0101ji. Nog\u0101z\u0113 \u00a0ir ier\u012bkota kamer\u0161\u013c\u016bk\u0161anas zona. Sniega parkam ir invent\u0101ra nomas punkts, kur var iznom\u0101t: Kamer\u0161\u013c\u016bk\u0161anas r\u012bkus Sniega parks ir ide\u0101li piem\u0113rots skolnieku grupu apmekl\u0113jumiem darba dien\u0101s.&nbsp;<a class=\"read-more\" href=\"https:\/\/www.sniegaparks.lv\/?page_id=2\">&hellip;<\/a><\/p>\n","protected":false},"author":1,"featured_media":0,"parent":0,"menu_order":0,"comment_status":"closed","ping_status":"open","template":"template-full.php","meta":{"footnotes":""},"_links":{"self":[{"href":"https:\/\/www.sniegaparks.lv\/index.php?rest_route=\/wp\/v2\/pages\/2"}],"collection":[{"href":"https:\/\/www.sniegaparks.lv\/index.php?rest_route=\/wp\/v2\/pages"}],"about":[{"href":"https:\/\/www.sniegaparks.lv\/index.php?rest_route=\/wp\/v2\/types\/page"}],"author":[{"embeddable":true,"href":"https:\/\/www.sniegaparks.lv\/index.php?rest_route=\/wp\/v2\/users\/1"}],"replies":[{"embeddable":true,"href":"https:\/\/www.sniegaparks.lv\/index.php?rest_route=%2Fwp%2Fv2%2Fcomments&post=2"}],"version-history":[{"count":8,"href":"https:\/\/www.sniegaparks.lv\/index.php?rest_route=\/wp\/v2\/pages\/2\/revisions"}],"predecessor-version":[{"id":1803,"href":"https:\/\/www.sniegaparks.lv\/index.php?rest_route=\/wp\/v2\/pages\/2\/revisions\/1803"}],"wp:attachment":[{"href":"https:\/\/www.sniegaparks.lv\/index.php?rest_route=%2Fwp%2Fv2%2Fmedia&parent=2"}],"curies":[{"name":"wp","href":"https:\/\/api.w.org\/{rel}","templated":true}]}}