{"id":23,"date":"2018-12-05T21:16:14","date_gmt":"2018-12-05T21:16:14","guid":{"rendered":"http:\/\/www.sniegaparks.lv\/?page_id=23"},"modified":"2023-12-21T11:12:57","modified_gmt":"2023-12-21T11:12:57","slug":"kamersluksana","status":"publish","type":"page","link":"https:\/\/www.sniegaparks.lv\/?page_id=23","title":{"rendered":"Kamer\u0161\u013c\u016bk\u0161ana"},"content":{"rendered":"\t\t<div data-elementor-type=\"wp-page\" data-elementor-id=\"23\" class=\"elementor elementor-23\">\n\t\t\t\t\t\t\t\t\t<section class=\"elementor-section elementor-top-section elementor-element elementor-element-2d1e7c8b elementor-section-boxed elementor-section-height-default elementor-section-height-default\" data-id=\"2d1e7c8b\" data-element_type=\"section\">\n\t\t\t\t\t\t<div class=\"elementor-container elementor-column-gap-default\">\n\t\t\t\t\t<div class=\"elementor-column elementor-col-100 elementor-top-column elementor-element elementor-element-4c220a84\" data-id=\"4c220a84\" data-element_type=\"column\">\n\t\t\t<div class=\"elementor-widget-wrap elementor-element-populated\">\n\t\t\t\t\t\t\t\t<div class=\"elementor-element elementor-element-6f712c1d elementor-widget elementor-widget-text-editor\" data-id=\"6f712c1d\" data-element_type=\"widget\" data-widget_type=\"text-editor.default\">\n\t\t\t\t<div class=\"elementor-widget-container\">\n\t\t\t<style>\/*! elementor - v3.18.0 - 20-12-2023 *\/\n.elementor-widget-text-editor.elementor-drop-cap-view-stacked .elementor-drop-cap{background-color:#69727d;color:#fff}.elementor-widget-text-editor.elementor-drop-cap-view-framed .elementor-drop-cap{color:#69727d;border:3px solid;background-color:transparent}.elementor-widget-text-editor:not(.elementor-drop-cap-view-default) .elementor-drop-cap{margin-top:8px}.elementor-widget-text-editor:not(.elementor-drop-cap-view-default) .elementor-drop-cap-letter{width:1em;height:1em}.elementor-widget-text-editor .elementor-drop-cap{float:left;text-align:center;line-height:1;font-size:50px}.elementor-widget-text-editor .elementor-drop-cap-letter{display:inline-block}<\/style>\t\t\t\t<header class=\"post-header fix\">\n<h1 class=\"posttitle\"><\/h1>\n<\/header>Kamer\u0161\u013c\u016bk\u0161ana ir atrakcija pieaugu\u0161ajiem un b\u0113rniem, kur\u0101 pa kalna nog\u0101z\u0113 izveidotu reni \u0161\u013c\u016bc lej\u0101. \u0160im nol\u016bkam tiek izmantotas \u012bpa\u0161as, ar apvalku apvilktas kameras, ar kur\u0101m nodro\u0161ina \u201cSniega parks\u201d. P\u0113c nobrauciena, kamera un brauc\u0113js tiek nog\u0101d\u0101ti starta viet\u0101 ar pac\u0113l\u0101ja pal\u012bdz\u012bbu.\n<div class=\"entry-container fix\">\n<div class=\"entry fix\">\n<p class=\"first-para\">Apmekl\u0113t\u0101jus nodro\u0161in\u0101sim ar 100 kamer\u0101m, kas ir speci\u0101li piem\u0113rotas \u0161\u0101da veida aktivit\u0101t\u0113m.<\/p>\n<strong>Invent\u0101ra noma un pac\u0113l\u0101js:<\/strong>\n\n30 min \u2013 10 EUR \u00a0\u00a0 1st \u2013 15 EUR\u00a0 \u00a0 2st \u2013 20 EUR\n\n<strong>Kamer\u0161\u013c\u016bk\u0161anas noteikumi:<\/strong>\n<ol>\n \t<li>Nov\u0113rt\u0113 savu vesel\u012bbas st\u0101vokli pirms do\u0161an\u0101s tras\u0113, uz\u0146emoties pilnu atbild\u012bbu par sevi.<\/li>\n \t<li>\u0160\u013c\u016bk\u0161anai pa \u012bpa\u0161i ier\u012bkoto trasi dr\u012bkst izmantot tikai tam paredz\u0113to invent\u0101ru, ar kuru nodro\u0161ina \u201cSniega parks\u201d.<\/li>\n \t<li>Kameras dr\u012bks izmantot tikai t\u0101m attiec\u012bgi paredz\u0113taj\u0101s tras\u0113s.<\/li>\n \t<li>\u0160\u013c\u016bk\u0161anai paredz\u0113to kameru dr\u012bkst izmantot tikai pa vienam cilv\u0113kam, iz\u0146emot b\u0113rnus l\u012bdz 8 gadu vecumam.<\/li>\n \t<li>B\u0113rni, kuri jaun\u0101ki par asto\u0146iem gadiem, var veikt nobraucienu tikai kop\u0101 ar pieaugu\u0161o, kur\u0161 brauciena laik\u0101 uz\u0146emas pilnu atbild\u012bbu par b\u0113rnu.<\/li>\n \t<li>Braucienu dr\u012bkst uzs\u0101kt tikai tad, kad iepriek\u0161\u0113jais brauc\u0113js atst\u0101jis trasi.<\/li>\n \t<li>Beidzot braucienu, nekav\u0113joties j\u0101atbr\u012bvo trase, iepriek\u0161 p\u0101rliecinoties, ka no blakus eso\u0161aj\u0101m tras\u0113m netuvojas kameras un \u0161\u0137\u0113rsot trasi ir dro\u0161i.<\/li>\n \t<li>Rindu pie pac\u0113l\u0101ja dr\u012bkst aiz\u0146emt tikai kameras lietot\u0101js.<\/li>\n \t<li>Izmantojot pac\u0113l\u0101ju, kamer\u0101 j\u0101atrodas s\u0113dus. Pacel\u0161an\u0101s laik\u0101 aizliegts piecelties k\u0101j\u0101s vai atlaist va\u013c\u0101 pac\u0113l\u0101ja virvi, iz\u0146emot tam paredz\u0113taj\u0101 viet\u0101.<\/li>\n \t<li>Bez ierun\u0101m j\u0101pilda atrakciju apkalpojo\u0161\u0101 person\u0101la nor\u0101d\u012bjumi.<\/li>\n \t<li>Gad\u012bjumos, kad apmekl\u0113t\u0101js nepak\u013caujas noteikumiem, person\u0101ls ir ties\u012bgs liegt iesp\u0113ju izmantot parku.<\/li>\n \t<li>Tras\u0113 aizliegts uztur\u0113ties su\u0146iem un citiem dz\u012bvniekiem.<\/li>\n \t<li>Trasi nedr\u012bkst izmantot alkohola un narkotisko vai psihotropo vielu reibum\u0101 eso\u0161as personas.<\/li>\n \t<li>Cieni p\u0101r\u0113jos kamer\u0161\u013c\u016bk\u0161anas trases lietot\u0101jus, lai nerad\u012btu draudus savai un citu dro\u0161\u012bbai.<\/li>\n \t<li>Trases lietot\u0101js ir atbild\u012bgs par kait\u0113jumu, kas nodar\u012bts tre\u0161ajai personai vai \u201cSniega parkam\u201d.<\/li>\n<\/ol>\n<\/div>\n<\/div>\t\t\t\t\t\t<\/div>\n\t\t\t\t<\/div>\n\t\t\t\t\t<\/div>\n\t\t<\/div>\n\t\t\t\t\t\t\t<\/div>\n\t\t<\/section>\n\t\t\t\t\t\t\t<\/div>\n\t\t","protected":false},"excerpt":{"rendered":"<p>Kamer\u0161\u013c\u016bk\u0161ana ir atrakcija pieaugu\u0161ajiem un b\u0113rniem, kur\u0101 pa kalna nog\u0101z\u0113 izveidotu reni \u0161\u013c\u016bc lej\u0101. \u0160im nol\u016bkam tiek izmantotas \u012bpa\u0161as, ar apvalku apvilktas kameras, ar kur\u0101m nodro\u0161ina \u201cSniega parks\u201d. P\u0113c nobrauciena, kamera un brauc\u0113js tiek nog\u0101d\u0101ti starta viet\u0101 ar pac\u0113l\u0101ja pal\u012bdz\u012bbu. Apmekl\u0113t\u0101jus nodro\u0161in\u0101sim ar 100 kamer\u0101m,&nbsp;<a class=\"read-more\" href=\"https:\/\/www.sniegaparks.lv\/?page_id=23\">&hellip;<\/a><\/p>\n","protected":false},"author":1,"featured_media":0,"parent":0,"menu_order":0,"comment_status":"closed","ping_status":"closed","template":"","meta":{"footnotes":""},"_links":{"self":[{"href":"https:\/\/www.sniegaparks.lv\/index.php?rest_route=\/wp\/v2\/pages\/23"}],"collection":[{"href":"https:\/\/www.sniegaparks.lv\/index.php?rest_route=\/wp\/v2\/pages"}],"about":[{"href":"https:\/\/www.sniegaparks.lv\/index.php?rest_route=\/wp\/v2\/types\/page"}],"author":[{"embeddable":true,"href":"https:\/\/www.sniegaparks.lv\/index.php?rest_route=\/wp\/v2\/users\/1"}],"replies":[{"embeddable":true,"href":"https:\/\/www.sniegaparks.lv\/index.php?rest_route=%2Fwp%2Fv2%2Fcomments&post=23"}],"version-history":[{"count":10,"href":"https:\/\/www.sniegaparks.lv\/index.php?rest_route=\/wp\/v2\/pages\/23\/revisions"}],"predecessor-version":[{"id":1370,"href":"https:\/\/www.sniegaparks.lv\/index.php?rest_route=\/wp\/v2\/pages\/23\/revisions\/1370"}],"wp:attachment":[{"href":"https:\/\/www.sniegaparks.lv\/index.php?rest_route=%2Fwp%2Fv2%2Fmedia&parent=23"}],"curies":[{"name":"wp","href":"https:\/\/api.w.org\/{rel}","templated":true}]}}