{"id":45,"date":"2018-12-06T07:24:39","date_gmt":"2018-12-06T07:24:39","guid":{"rendered":"http:\/\/www.sniegaparks.lv\/?page_id=45"},"modified":"2025-02-22T11:12:39","modified_gmt":"2025-02-22T11:12:39","slug":"slidosana","status":"publish","type":"page","link":"https:\/\/www.sniegaparks.lv\/?page_id=45","title":{"rendered":"Grupas"},"content":{"rendered":"\t\t<div data-elementor-type=\"wp-page\" data-elementor-id=\"45\" class=\"elementor elementor-45\">\n\t\t\t\t\t\t\t\t\t<section class=\"elementor-section elementor-top-section elementor-element elementor-element-782b60e9 elementor-section-boxed elementor-section-height-default elementor-section-height-default\" data-id=\"782b60e9\" data-element_type=\"section\">\n\t\t\t\t\t\t<div class=\"elementor-container elementor-column-gap-default\">\n\t\t\t\t\t<div class=\"elementor-column elementor-col-100 elementor-top-column elementor-element elementor-element-163432c3\" data-id=\"163432c3\" data-element_type=\"column\">\n\t\t\t<div class=\"elementor-widget-wrap elementor-element-populated\">\n\t\t\t\t\t\t\t\t<div class=\"elementor-element elementor-element-7272b541 elementor-widget elementor-widget-text-editor\" data-id=\"7272b541\" data-element_type=\"widget\" data-widget_type=\"text-editor.default\">\n\t\t\t\t<div class=\"elementor-widget-container\">\n\t\t\t<style>\/*! elementor - v3.18.0 - 20-12-2023 *\/\n.elementor-widget-text-editor.elementor-drop-cap-view-stacked .elementor-drop-cap{background-color:#69727d;color:#fff}.elementor-widget-text-editor.elementor-drop-cap-view-framed .elementor-drop-cap{color:#69727d;border:3px solid;background-color:transparent}.elementor-widget-text-editor:not(.elementor-drop-cap-view-default) .elementor-drop-cap{margin-top:8px}.elementor-widget-text-editor:not(.elementor-drop-cap-view-default) .elementor-drop-cap-letter{width:1em;height:1em}.elementor-widget-text-editor .elementor-drop-cap{float:left;text-align:center;line-height:1;font-size:50px}.elementor-widget-text-editor .elementor-drop-cap-letter{display:inline-block}<\/style>\t\t\t\t<p>Skol\u0113nu un korporat\u012bvo pas\u0101kumu grupas tiek uz\u0146emtas darbadien\u0101s un rezerv\u0101cijas&nbsp;<span style=\"color: var( --e-global-color-text ); font-family: var( --e-global-typography-text-font-family ), Sans-serif; font-weight: var( --e-global-typography-text-font-weight );\">var veikt<\/span><span style=\"color: var( --e-global-color-text ); font-family: var( --e-global-typography-text-font-family ), Sans-serif; font-weight: var( --e-global-typography-text-font-weight );\">&nbsp;l<\/span><span style=\"color: var( --e-global-color-text ); font-family: var( --e-global-typography-text-font-family ), Sans-serif; font-weight: var( --e-global-typography-text-font-weight );\">\u012bdz pat Febru\u0101ra beig\u0101m.<\/span><\/p>\n<p><span style=\"color: var( --e-global-color-text ); font-family: var( --e-global-typography-text-font-family ), Sans-serif; font-weight: var( --e-global-typography-text-font-weight );\">Uz\u0146emam grupas s\u0101kot no 15 person\u0101m.<br><br><\/span>Cenas:<br><span style=\"color: var( --e-global-color-text ); font-family: var( --e-global-typography-text-font-family ), Sans-serif; font-weight: var( --e-global-typography-text-font-weight );\">1h &#8211; 10 EUR par personu.<br><\/span><span style=\"color: var( --e-global-color-text ); font-family: var( --e-global-typography-text-font-family ), Sans-serif; font-weight: var( --e-global-typography-text-font-weight );\">1.5h &#8211; 15 EUR par personu.<\/span><\/p>\n<p>Grupas pieteikt, zvanot uz tel. 29228852.<\/p>\n<p>Ja laikapst\u0101k\u013ci rezerv\u0101cijas dien\u0101 nav piem\u0113roti parka apm\u0113kl\u0113jumam, tad rezerv\u0101cija var tik autom\u0101tiski atcelta.<\/p>\t\t\t\t\t\t<\/div>\n\t\t\t\t<\/div>\n\t\t\t\t\t<\/div>\n\t\t<\/div>\n\t\t\t\t\t\t\t<\/div>\n\t\t<\/section>\n\t\t\t\t\t\t\t<\/div>\n\t\t","protected":false},"excerpt":{"rendered":"<p>Skol\u0113nu un korporat\u012bvo pas\u0101kumu grupas tiek uz\u0146emtas darbadien\u0101s un rezerv\u0101cijas&nbsp;var veikt&nbsp;l\u012bdz pat Febru\u0101ra beig\u0101m. Uz\u0146emam grupas s\u0101kot no 15 person\u0101m. Cenas:1h &#8211; 10 EUR par personu.1.5h &#8211; 15 EUR par personu. Grupas pieteikt, zvanot uz tel. 29228852. Ja laikapst\u0101k\u013ci rezerv\u0101cijas dien\u0101 nav piem\u0113roti parka apm\u0113kl\u0113jumam,&nbsp;<a class=\"read-more\" href=\"https:\/\/www.sniegaparks.lv\/?page_id=45\">&hellip;<\/a><\/p>\n","protected":false},"author":1,"featured_media":0,"parent":0,"menu_order":0,"comment_status":"closed","ping_status":"closed","template":"","meta":{"footnotes":""},"_links":{"self":[{"href":"https:\/\/www.sniegaparks.lv\/index.php?rest_route=\/wp\/v2\/pages\/45"}],"collection":[{"href":"https:\/\/www.sniegaparks.lv\/index.php?rest_route=\/wp\/v2\/pages"}],"about":[{"href":"https:\/\/www.sniegaparks.lv\/index.php?rest_route=\/wp\/v2\/types\/page"}],"author":[{"embeddable":true,"href":"https:\/\/www.sniegaparks.lv\/index.php?rest_route=\/wp\/v2\/users\/1"}],"replies":[{"embeddable":true,"href":"https:\/\/www.sniegaparks.lv\/index.php?rest_route=%2Fwp%2Fv2%2Fcomments&post=45"}],"version-history":[{"count":29,"href":"https:\/\/www.sniegaparks.lv\/index.php?rest_route=\/wp\/v2\/pages\/45\/revisions"}],"predecessor-version":[{"id":1637,"href":"https:\/\/www.sniegaparks.lv\/index.php?rest_route=\/wp\/v2\/pages\/45\/revisions\/1637"}],"wp:attachment":[{"href":"https:\/\/www.sniegaparks.lv\/index.php?rest_route=%2Fwp%2Fv2%2Fmedia&parent=45"}],"curies":[{"name":"wp","href":"https:\/\/api.w.org\/{rel}","templated":true}]}}